{"id":499,"date":"2021-10-20T11:30:40","date_gmt":"2021-10-20T08:30:40","guid":{"rendered":"https:\/\/kuusamocoworking.fi\/yhteystiedot\/"},"modified":"2021-11-28T15:19:39","modified_gmt":"2021-11-28T13:19:39","slug":"contact-us","status":"publish","type":"page","link":"https:\/\/kuusamocoworking.fi\/en\/contact-us\/","title":{"rendered":"Contact us"},"content":{"rendered":"<p><img decoding=\"async\" src=\"\/wp-content\/uploads\/2021\/10\/KMOn-coworking-nelio-vari.svg\" alt=\"Kuusamo coworking logo\"><\/p>\n<div>\n<p><a href=\"https:\/\/goo.gl\/maps\/MmDpQTJHymACmfxF6\" target=\"_blank\" rel=\"noopener\">Kitkantie 110, 93600 Kuusamo, FINLAND<\/a><br \/><a href=\"mailto:coworking@kuusamonosm.fi\">coworking@kuusamonosm.fi<\/a><\/p>\n<\/div>\n<h1>\n<p>Ask for more details<\/p>\n<\/h1>\n<div>\n<p class=\"p1\">Do you have any questions or are you interested in renting office space for the time being or permanently?\u00a0 \u00a0 \u00a0<\/p>\n<\/div>\n<div><div class=\"wpforms-container wpforms-container-full\" id=\"wpforms-504\"><form id=\"wpforms-form-504\" class=\"wpforms-validate wpforms-form wpforms-ajax-form\" data-formid=\"504\" method=\"post\" enctype=\"multipart\/form-data\" action=\"\/en\/wp-json\/wp\/v2\/pages\/499\" data-token=\"889051a8b79eb67d4b3ba4c79fac96e2\" data-token-time=\"1777565191\"><noscript class=\"wpforms-error-noscript\">Please enable JavaScript in your browser to complete this form.<\/noscript><div class=\"wpforms-field-container\"><div id=\"wpforms-504-field_1-container\" class=\"wpforms-field wpforms-field-text\" data-field-id=\"1\"><label class=\"wpforms-field-label\" for=\"wpforms-504-field_1\">Name <span class=\"wpforms-required-label\">*<\/span><\/label><input type=\"text\" id=\"wpforms-504-field_1\" class=\"wpforms-field-large wpforms-field-required\" name=\"wpforms[fields][1]\" required><\/div><div id=\"wpforms-504-field_3-container\" class=\"wpforms-field wpforms-field-email\" data-field-id=\"3\"><label class=\"wpforms-field-label\" for=\"wpforms-504-field_3\">Email <span class=\"wpforms-required-label\">*<\/span><\/label><input type=\"email\" id=\"wpforms-504-field_3\" class=\"wpforms-field-large wpforms-field-required\" name=\"wpforms[fields][3]\" spellcheck=\"false\" required><\/div><div id=\"wpforms-504-field_2-container\" class=\"wpforms-field wpforms-field-text\" data-field-id=\"2\"><label class=\"wpforms-field-label\" for=\"wpforms-504-field_2\">Telephone <span class=\"wpforms-required-label\">*<\/span><\/label><input type=\"text\" id=\"wpforms-504-field_2\" class=\"wpforms-field-large wpforms-field-required\" name=\"wpforms[fields][2]\" required><\/div><div id=\"wpforms-504-field_4-container\" class=\"wpforms-field wpforms-field-textarea\" data-field-id=\"4\"><label class=\"wpforms-field-label\" for=\"wpforms-504-field_4\">Message<\/label><textarea id=\"wpforms-504-field_4\" class=\"wpforms-field-large\" name=\"wpforms[fields][4]\" ><\/textarea><\/div><\/div><!-- .wpforms-field-container --><div class=\"wpforms-recaptcha-container wpforms-is-recaptcha wpforms-is-recaptcha-type-v3\" ><input type=\"hidden\" name=\"wpforms[recaptcha]\" value=\"\"><\/div><div class=\"wpforms-submit-container\" ><input type=\"hidden\" name=\"wpforms[id]\" value=\"504\"><input type=\"hidden\" name=\"page_title\" value=\"\"><input type=\"hidden\" name=\"page_url\" value=\"https:\/\/kuusamocoworking.fi\/en\/wp-json\/wp\/v2\/pages\/499\"><input type=\"hidden\" name=\"url_referer\" value=\"\"><button type=\"submit\" name=\"wpforms[submit]\" id=\"wpforms-submit-504\" class=\"wpforms-submit\" data-alt-text=\"Sending...\" data-submit-text=\"Send\" aria-live=\"assertive\" value=\"wpforms-submit\">Send<\/button><img decoding=\"async\" src=\"https:\/\/kuusamocoworking.fi\/wp-content\/plugins\/wpforms\/assets\/images\/submit-spin.svg\" class=\"wpforms-submit-spinner\" style=\"display: none;\" width=\"26\" height=\"26\" alt=\"Loading\"><\/div><\/form><\/div>  <!-- .wpforms-container --><\/div>\n<p><!--more--><br \/>\n<!-- {\"type\":\"layout\",\"children\":[{\"type\":\"section\",\"props\":{\"style\":\"muted\",\"width\":\"small\",\"vertical_align\":\"middle\",\"title_position\":\"top-left\",\"title_rotation\":\"left\",\"title_breakpoint\":\"xl\",\"image_position\":\"center-center\"},\"children\":[{\"type\":\"row\",\"children\":[{\"type\":\"column\",\"props\":{\"image_position\":\"center-center\",\"media_overlay_gradient\":\"\",\"position_sticky_breakpoint\":\"m\"},\"children\":[{\"type\":\"image\",\"props\":{\"margin\":\"default\",\"image_svg_color\":\"emphasis\",\"image\":\"wp-content\\\/uploads\\\/2021\\\/10\\\/KMOn-coworking-nelio-vari.svg\",\"image_width\":\"150\",\"text_align\":\"center\",\"image_alt\":\"Kuusamo coworking logo\"},\"modified\":\"2021-10-27T05:56:59.517Z\",\"name\":\"vaakalogo keskell\\u00e4\"},{\"type\":\"text\",\"props\":{\"margin\":\"default\",\"column_breakpoint\":\"m\",\"content\":\"\n\n<p><a href=\\\"https:\\\/\\\/goo.gl\\\/maps\\\/MmDpQTJHymACmfxF6\\\" target=\\\"_blank\\\" rel=\\\"noopener\\\">Kitkantie 110, 93600 Kuusamo, FINLAND<\\\/a><br \\\/><a href=\\\"mailto:coworking@kuusamonosm.fi\\\">coworking@kuusamonosm.fi<\\\/a><\\\/p>\",\"text_style\":\"lead\",\"text_align\":\"center\"}}]}]}]},{\"type\":\"section\",\"props\":{\"style\":\"default\",\"width\":\"small\",\"vertical_align\":\"middle\",\"title_position\":\"top-left\",\"title_rotation\":\"left\",\"title_breakpoint\":\"xl\",\"image_position\":\"center-center\"},\"children\":[{\"type\":\"row\",\"children\":[{\"type\":\"column\",\"props\":{\"image_position\":\"center-center\",\"media_overlay_gradient\":\"\",\"position_sticky_breakpoint\":\"m\"},\"children\":[{\"type\":\"headline\",\"props\":{\"title_element\":\"h1\",\"content\":\"\n\n<p>Ask for more details<\\\/p>\",\"title_style\":\"heading-small\",\"title_decoration\":\"line\",\"text_align\":\"center\",\"block_align\":\"center\"}},{\"type\":\"text\",\"props\":{\"margin\":\"default\",\"column_breakpoint\":\"m\",\"content\":\"\n\n<p class=\\\"p1\\\">Do you have any questions or are you interested in renting office space for the time being or permanently?\\u00a0 \\u00a0 \\u00a0<\\\/p>\",\"text_align\":\"center\"}},{\"type\":\"text\",\"props\":{\"margin\":\"default\",\"column_breakpoint\":\"m\",\"content\":\"[wpforms id=\\\"504\\\"]\"}}]}]}]}],\"version\":\"2.7.3\"} --><\/p>\n","protected":false},"excerpt":{"rendered":"<p>Kitkantie 110, 93600 Kuusamo, FINLANDcoworking@kuusamonosm.fi Ask for more details Do you have any questions or are you interested in renting office space for the time being or permanently?\u00a0 \u00a0 \u00a0<\/p>\n","protected":false},"author":1,"featured_media":433,"parent":0,"menu_order":0,"comment_status":"closed","ping_status":"closed","template":"","meta":{"footnotes":""},"class_list":["post-499","page","type-page","status-publish","has-post-thumbnail","hentry"],"yoast_head":"<!-- This site is optimized with the Yoast SEO plugin v27.1.1 - https:\/\/yoast.com\/product\/yoast-seo-wordpress\/ -->\n<title>Contact us - Kuusamo Coworking<\/title>\n<meta name=\"description\" content=\"Her\u00e4sik\u00f6 sinulla kysymyksi\u00e4 vai kiinnostaako toistaiseksi voimassa oleva tai vakituinen toimistotilan vuokraus Kuusamossa?\" \/>\n<meta name=\"robots\" content=\"index, follow, max-snippet:-1, max-image-preview:large, max-video-preview:-1\" \/>\n<link rel=\"canonical\" href=\"https:\/\/kuusamocoworking.fi\/en\/contact-us\/\" \/>\n<meta property=\"og:locale\" content=\"en_US\" \/>\n<meta property=\"og:type\" content=\"article\" \/>\n<meta property=\"og:title\" content=\"Contact us - Kuusamo Coworking\" \/>\n<meta property=\"og:description\" content=\"Her\u00e4sik\u00f6 sinulla kysymyksi\u00e4 vai kiinnostaako toistaiseksi voimassa oleva tai vakituinen toimistotilan vuokraus Kuusamossa?\" \/>\n<meta property=\"og:url\" content=\"https:\/\/kuusamocoworking.fi\/en\/contact-us\/\" \/>\n<meta property=\"og:site_name\" content=\"Kuusamo Coworking\" \/>\n<meta property=\"article:publisher\" content=\"https:\/\/www.facebook.com\/KuusamoCoworking\" \/>\n<meta property=\"article:modified_time\" content=\"2021-11-28T13:19:39+00:00\" \/>\n<meta property=\"og:image\" content=\"https:\/\/kuusamocoworking.fi\/wp-content\/uploads\/2021\/10\/coworking-ulkokuva.jpg\" \/>\n\t<meta property=\"og:image:width\" content=\"1920\" \/>\n\t<meta property=\"og:image:height\" content=\"1070\" \/>\n\t<meta property=\"og:image:type\" content=\"image\/jpeg\" \/>\n<meta name=\"twitter:card\" content=\"summary_large_image\" \/>\n<script type=\"application\/ld+json\" class=\"yoast-schema-graph\">{\"@context\":\"https:\/\/schema.org\",\"@graph\":[{\"@type\":\"WebPage\",\"@id\":\"https:\/\/kuusamocoworking.fi\/en\/contact-us\/\",\"url\":\"https:\/\/kuusamocoworking.fi\/en\/contact-us\/\",\"name\":\"Contact us - Kuusamo Coworking\",\"isPartOf\":{\"@id\":\"https:\/\/kuusamocoworking.fi\/en\/#website\"},\"primaryImageOfPage\":{\"@id\":\"https:\/\/kuusamocoworking.fi\/en\/contact-us\/#primaryimage\"},\"image\":{\"@id\":\"https:\/\/kuusamocoworking.fi\/en\/contact-us\/#primaryimage\"},\"thumbnailUrl\":\"https:\/\/kuusamocoworking.fi\/wp-content\/uploads\/2021\/10\/coworking-ulkokuva.jpg\",\"datePublished\":\"2021-10-20T08:30:40+00:00\",\"dateModified\":\"2021-11-28T13:19:39+00:00\",\"description\":\"Her\u00e4sik\u00f6 sinulla kysymyksi\u00e4 vai kiinnostaako toistaiseksi voimassa oleva tai vakituinen toimistotilan vuokraus Kuusamossa?\",\"breadcrumb\":{\"@id\":\"https:\/\/kuusamocoworking.fi\/en\/contact-us\/#breadcrumb\"},\"inLanguage\":\"en-US\",\"potentialAction\":[{\"@type\":\"ReadAction\",\"target\":[\"https:\/\/kuusamocoworking.fi\/en\/contact-us\/\"]}]},{\"@type\":\"ImageObject\",\"inLanguage\":\"en-US\",\"@id\":\"https:\/\/kuusamocoworking.fi\/en\/contact-us\/#primaryimage\",\"url\":\"https:\/\/kuusamocoworking.fi\/wp-content\/uploads\/2021\/10\/coworking-ulkokuva.jpg\",\"contentUrl\":\"https:\/\/kuusamocoworking.fi\/wp-content\/uploads\/2021\/10\/coworking-ulkokuva.jpg\",\"width\":1920,\"height\":1070},{\"@type\":\"BreadcrumbList\",\"@id\":\"https:\/\/kuusamocoworking.fi\/en\/contact-us\/#breadcrumb\",\"itemListElement\":[{\"@type\":\"ListItem\",\"position\":1,\"name\":\"Etusivu\",\"item\":\"https:\/\/kuusamocoworking.fi\/en\/\"},{\"@type\":\"ListItem\",\"position\":2,\"name\":\"Contact us\"}]},{\"@type\":\"WebSite\",\"@id\":\"https:\/\/kuusamocoworking.fi\/en\/#website\",\"url\":\"https:\/\/kuusamocoworking.fi\/en\/\",\"name\":\"Kuusamo Coworking\",\"description\":\"Toimistotilat Suomen kauneimmassa kaupungissa\",\"publisher\":{\"@id\":\"https:\/\/kuusamocoworking.fi\/en\/#organization\"},\"potentialAction\":[{\"@type\":\"SearchAction\",\"target\":{\"@type\":\"EntryPoint\",\"urlTemplate\":\"https:\/\/kuusamocoworking.fi\/en\/?s={search_term_string}\"},\"query-input\":{\"@type\":\"PropertyValueSpecification\",\"valueRequired\":true,\"valueName\":\"search_term_string\"}}],\"inLanguage\":\"en-US\"},{\"@type\":\"Organization\",\"@id\":\"https:\/\/kuusamocoworking.fi\/en\/#organization\",\"name\":\"Kuusamo Coworking\",\"url\":\"https:\/\/kuusamocoworking.fi\/en\/\",\"logo\":{\"@type\":\"ImageObject\",\"inLanguage\":\"en-US\",\"@id\":\"https:\/\/kuusamocoworking.fi\/en\/#\/schema\/logo\/image\/\",\"url\":\"https:\/\/kuusamocoworking.fi\/wp-content\/uploads\/2021\/10\/KMOn-coworking-nelio-vari.png\",\"contentUrl\":\"https:\/\/kuusamocoworking.fi\/wp-content\/uploads\/2021\/10\/KMOn-coworking-nelio-vari.png\",\"width\":250,\"height\":250,\"caption\":\"Kuusamo Coworking\"},\"image\":{\"@id\":\"https:\/\/kuusamocoworking.fi\/en\/#\/schema\/logo\/image\/\"},\"sameAs\":[\"https:\/\/www.facebook.com\/KuusamoCoworking\",\"https:\/\/www.instagram.com\/kuusamocoworking\/\"]}]}<\/script>\n<!-- \/ Yoast SEO plugin. -->","yoast_head_json":{"title":"Contact us - Kuusamo Coworking","description":"Her\u00e4sik\u00f6 sinulla kysymyksi\u00e4 vai kiinnostaako toistaiseksi voimassa oleva tai vakituinen toimistotilan vuokraus Kuusamossa?","robots":{"index":"index","follow":"follow","max-snippet":"max-snippet:-1","max-image-preview":"max-image-preview:large","max-video-preview":"max-video-preview:-1"},"canonical":"https:\/\/kuusamocoworking.fi\/en\/contact-us\/","og_locale":"en_US","og_type":"article","og_title":"Contact us - Kuusamo Coworking","og_description":"Her\u00e4sik\u00f6 sinulla kysymyksi\u00e4 vai kiinnostaako toistaiseksi voimassa oleva tai vakituinen toimistotilan vuokraus Kuusamossa?","og_url":"https:\/\/kuusamocoworking.fi\/en\/contact-us\/","og_site_name":"Kuusamo Coworking","article_publisher":"https:\/\/www.facebook.com\/KuusamoCoworking","article_modified_time":"2021-11-28T13:19:39+00:00","og_image":[{"width":1920,"height":1070,"url":"https:\/\/kuusamocoworking.fi\/wp-content\/uploads\/2021\/10\/coworking-ulkokuva.jpg","type":"image\/jpeg"}],"twitter_card":"summary_large_image","schema":{"@context":"https:\/\/schema.org","@graph":[{"@type":"WebPage","@id":"https:\/\/kuusamocoworking.fi\/en\/contact-us\/","url":"https:\/\/kuusamocoworking.fi\/en\/contact-us\/","name":"Contact us - Kuusamo Coworking","isPartOf":{"@id":"https:\/\/kuusamocoworking.fi\/en\/#website"},"primaryImageOfPage":{"@id":"https:\/\/kuusamocoworking.fi\/en\/contact-us\/#primaryimage"},"image":{"@id":"https:\/\/kuusamocoworking.fi\/en\/contact-us\/#primaryimage"},"thumbnailUrl":"https:\/\/kuusamocoworking.fi\/wp-content\/uploads\/2021\/10\/coworking-ulkokuva.jpg","datePublished":"2021-10-20T08:30:40+00:00","dateModified":"2021-11-28T13:19:39+00:00","description":"Her\u00e4sik\u00f6 sinulla kysymyksi\u00e4 vai kiinnostaako toistaiseksi voimassa oleva tai vakituinen toimistotilan vuokraus Kuusamossa?","breadcrumb":{"@id":"https:\/\/kuusamocoworking.fi\/en\/contact-us\/#breadcrumb"},"inLanguage":"en-US","potentialAction":[{"@type":"ReadAction","target":["https:\/\/kuusamocoworking.fi\/en\/contact-us\/"]}]},{"@type":"ImageObject","inLanguage":"en-US","@id":"https:\/\/kuusamocoworking.fi\/en\/contact-us\/#primaryimage","url":"https:\/\/kuusamocoworking.fi\/wp-content\/uploads\/2021\/10\/coworking-ulkokuva.jpg","contentUrl":"https:\/\/kuusamocoworking.fi\/wp-content\/uploads\/2021\/10\/coworking-ulkokuva.jpg","width":1920,"height":1070},{"@type":"BreadcrumbList","@id":"https:\/\/kuusamocoworking.fi\/en\/contact-us\/#breadcrumb","itemListElement":[{"@type":"ListItem","position":1,"name":"Etusivu","item":"https:\/\/kuusamocoworking.fi\/en\/"},{"@type":"ListItem","position":2,"name":"Contact us"}]},{"@type":"WebSite","@id":"https:\/\/kuusamocoworking.fi\/en\/#website","url":"https:\/\/kuusamocoworking.fi\/en\/","name":"Kuusamo Coworking","description":"Toimistotilat Suomen kauneimmassa kaupungissa","publisher":{"@id":"https:\/\/kuusamocoworking.fi\/en\/#organization"},"potentialAction":[{"@type":"SearchAction","target":{"@type":"EntryPoint","urlTemplate":"https:\/\/kuusamocoworking.fi\/en\/?s={search_term_string}"},"query-input":{"@type":"PropertyValueSpecification","valueRequired":true,"valueName":"search_term_string"}}],"inLanguage":"en-US"},{"@type":"Organization","@id":"https:\/\/kuusamocoworking.fi\/en\/#organization","name":"Kuusamo Coworking","url":"https:\/\/kuusamocoworking.fi\/en\/","logo":{"@type":"ImageObject","inLanguage":"en-US","@id":"https:\/\/kuusamocoworking.fi\/en\/#\/schema\/logo\/image\/","url":"https:\/\/kuusamocoworking.fi\/wp-content\/uploads\/2021\/10\/KMOn-coworking-nelio-vari.png","contentUrl":"https:\/\/kuusamocoworking.fi\/wp-content\/uploads\/2021\/10\/KMOn-coworking-nelio-vari.png","width":250,"height":250,"caption":"Kuusamo Coworking"},"image":{"@id":"https:\/\/kuusamocoworking.fi\/en\/#\/schema\/logo\/image\/"},"sameAs":["https:\/\/www.facebook.com\/KuusamoCoworking","https:\/\/www.instagram.com\/kuusamocoworking\/"]}]}},"_links":{"self":[{"href":"https:\/\/kuusamocoworking.fi\/en\/wp-json\/wp\/v2\/pages\/499","targetHints":{"allow":["GET"]}}],"collection":[{"href":"https:\/\/kuusamocoworking.fi\/en\/wp-json\/wp\/v2\/pages"}],"about":[{"href":"https:\/\/kuusamocoworking.fi\/en\/wp-json\/wp\/v2\/types\/page"}],"author":[{"embeddable":true,"href":"https:\/\/kuusamocoworking.fi\/en\/wp-json\/wp\/v2\/users\/1"}],"replies":[{"embeddable":true,"href":"https:\/\/kuusamocoworking.fi\/en\/wp-json\/wp\/v2\/comments?post=499"}],"version-history":[{"count":0,"href":"https:\/\/kuusamocoworking.fi\/en\/wp-json\/wp\/v2\/pages\/499\/revisions"}],"wp:featuredmedia":[{"embeddable":true,"href":"https:\/\/kuusamocoworking.fi\/en\/wp-json\/wp\/v2\/media\/433"}],"wp:attachment":[{"href":"https:\/\/kuusamocoworking.fi\/en\/wp-json\/wp\/v2\/media?parent=499"}],"curies":[{"name":"wp","href":"https:\/\/api.w.org\/{rel}","templated":true}]}}